{"id":95,"date":"2015-03-01T22:41:05","date_gmt":"2015-03-01T20:41:05","guid":{"rendered":"http:\/\/albertolobelle.com\/es\/?page_id=95"},"modified":"2020-07-09T19:45:42","modified_gmt":"2020-07-09T17:45:42","slug":"den-pobedy","status":"publish","type":"page","link":"https:\/\/albertolobelle.com\/es\/?page_id=95","title":{"rendered":"Den Pobedy"},"content":{"rendered":"<p<center=\"\"><img decoding=\"async\" loading=\"lazy\" class=\"wp-image-107 size-full\" src=\"http:\/\/albertolobelle.com\/es\/wp-content\/uploads\/2015\/03\/unnamed-e1589630712842.jpg\" alt=\"\" width=\"716\" height=\"103\"><\/p>\n<p style=\"text-align: justify;\"><span style=\"color: #808080;\">El&nbsp;<strong>\u201cDen Pobedy\u201d (D\u00eda de la Victoria)<\/strong>&nbsp;es uno de los d\u00edas m\u00e1s importantes en la mayor\u00eda de las ex-rep\u00fablicas sovi\u00e9ticas. Tiene lugar el 9 de mayo y en \u00e9l se conmemora la victoria de la U.R.S.S. sobre la Alemania nazi en la&nbsp;<strong>Gran Guerra Patri\u00f3tica (1941-1945)<\/strong>, rindiendo homenaje a los veteranos y a los m\u00e1s de 26 millones de ca\u00eddos en el bando sovi\u00e9tico.<\/span><\/p>\n<p style=\"text-align: justify;\"><span style=\"color: #808080;\"><strong>Kalinichenko Vasily Porfirievich<\/strong>&nbsp;combati\u00f3 en el 3<sup>er<\/sup>&nbsp;Frente Ucraniano y en el 1<sup>er<\/sup>&nbsp;Frente Bielorruso del Ej\u00e9rcito Rojo. Como miembro del 226\u00ba Regimiento de Infanter\u00eda, entr\u00f3 en Berl\u00edn el 22 de abril de 1945. Este documental trata sobre la guerra, sobre \u00e9l y su familia.<\/span><\/p>\n<p style=\"text-align: center;\"><span style=\"color: #808080;\">ver&nbsp;<strong><a style=\"color: #808080;\" title=\"FILM\" href=\"https:\/\/dafilms.com\/film\/11128-den-pobedy-victory-day\">FILM<\/a><\/strong><\/span><\/p>\n<p><span style=\"color: #808080;\"><iframe loading=\"lazy\" src=\"https:\/\/player.vimeo.com\/video\/120972968?color=b5b1b1&amp;title=0&amp;byline=0&amp;portrait=0\" width=\"720\" height=\"540\" frameborder=\"0\" allowfullscreen=\"allowfullscreen\"><\/iframe><\/span><\/p>\n<p style=\"text-align: center;\"><a href=\"http:\/\/albertolobelle.com\/es\/wp-content\/uploads\/2015\/04\/dossier-CAS-imprimir-color.pdf\">Descargar Dossier<\/a><\/p>\n","protected":false},"excerpt":{"rendered":"","protected":false},"author":1,"featured_media":0,"parent":0,"menu_order":0,"comment_status":"open","ping_status":"open","template":"","meta":[],"_links":{"self":[{"href":"https:\/\/albertolobelle.com\/es\/index.php?rest_route=\/wp\/v2\/pages\/95"}],"collection":[{"href":"https:\/\/albertolobelle.com\/es\/index.php?rest_route=\/wp\/v2\/pages"}],"about":[{"href":"https:\/\/albertolobelle.com\/es\/index.php?rest_route=\/wp\/v2\/types\/page"}],"author":[{"embeddable":true,"href":"https:\/\/albertolobelle.com\/es\/index.php?rest_route=\/wp\/v2\/users\/1"}],"replies":[{"embeddable":true,"href":"https:\/\/albertolobelle.com\/es\/index.php?rest_route=%2Fwp%2Fv2%2Fcomments&post=95"}],"version-history":[{"count":22,"href":"https:\/\/albertolobelle.com\/es\/index.php?rest_route=\/wp\/v2\/pages\/95\/revisions"}],"predecessor-version":[{"id":270,"href":"https:\/\/albertolobelle.com\/es\/index.php?rest_route=\/wp\/v2\/pages\/95\/revisions\/270"}],"wp:attachment":[{"href":"https:\/\/albertolobelle.com\/es\/index.php?rest_route=%2Fwp%2Fv2%2Fmedia&parent=95"}],"curies":[{"name":"wp","href":"https:\/\/api.w.org\/{rel}","templated":true}]}}